{"id":364,"date":"2024-04-03T14:56:04","date_gmt":"2024-04-03T12:56:04","guid":{"rendered":"https:\/\/www.vistoso-tango.de\/?page_id=364"},"modified":"2024-04-17T12:11:04","modified_gmt":"2024-04-17T10:11:04","slug":"antonio-costa-tenor","status":"publish","type":"page","link":"https:\/\/www.vistoso-tango.de\/?page_id=364","title":{"rendered":"antonio-costa-tenor"},"content":{"rendered":"\t\t<div data-elementor-type=\"wp-page\" data-elementor-id=\"364\" class=\"elementor elementor-364\" data-elementor-post-type=\"page\">\n\t\t\t\t<div class=\"elementor-element elementor-element-8107030 e-con-full e-flex e-con e-parent\" data-id=\"8107030\" data-element_type=\"container\" data-settings=\"{&quot;background_background&quot;:&quot;classic&quot;,&quot;shape_divider_top&quot;:&quot;opacity-tilt&quot;,&quot;shape_divider_bottom&quot;:&quot;tilt&quot;}\">\n\t\t\t\t<div class=\"elementor-shape elementor-shape-top\" aria-hidden=\"true\" data-negative=\"false\">\n\t\t\t<svg xmlns=\"http:\/\/www.w3.org\/2000\/svg\" viewBox=\"0 0 2600 131.1\" preserveAspectRatio=\"none\">\n\t<path class=\"elementor-shape-fill\" d=\"M0 0L2600 0 2600 69.1 0 0z\"\/>\n\t<path class=\"elementor-shape-fill\" style=\"opacity:0.5\" d=\"M0 0L2600 0 2600 69.1 0 69.1z\"\/>\n\t<path class=\"elementor-shape-fill\" style=\"opacity:0.25\" d=\"M2600 0L0 0 0 130.1 2600 69.1z\"\/>\n<\/svg>\t\t<\/div>\n\t\t\t\t<div class=\"elementor-shape elementor-shape-bottom\" aria-hidden=\"true\" data-negative=\"false\">\n\t\t\t<svg xmlns=\"http:\/\/www.w3.org\/2000\/svg\" viewBox=\"0 0 1000 100\" preserveAspectRatio=\"none\">\n\t<path class=\"elementor-shape-fill\" d=\"M0,6V0h1000v100L0,6z\"\/>\n<\/svg>\t\t<\/div>\n\t\t\t\t<div class=\"elementor-element elementor-element-28b94a0 elementor-widget elementor-widget-image\" data-id=\"28b94a0\" data-element_type=\"widget\" data-widget_type=\"image.default\">\n\t\t\t\t<div class=\"elementor-widget-container\">\n\t\t\t\t\t\t\t\t\t\t\t\t\t\t\t<img fetchpriority=\"high\" decoding=\"async\" width=\"684\" height=\"1024\" src=\"https:\/\/www.vistoso-tango.de\/wp-content\/uploads\/2024\/03\/antonio-684x1024.png\" class=\"attachment-large size-large wp-image-179\" alt=\"\" srcset=\"https:\/\/www.vistoso-tango.de\/wp-content\/uploads\/2024\/03\/antonio-684x1024.png 684w, https:\/\/www.vistoso-tango.de\/wp-content\/uploads\/2024\/03\/antonio-200x300.png 200w, https:\/\/www.vistoso-tango.de\/wp-content\/uploads\/2024\/03\/antonio-768x1151.png 768w, https:\/\/www.vistoso-tango.de\/wp-content\/uploads\/2024\/03\/antonio.png 801w\" sizes=\"(max-width: 684px) 100vw, 684px\" \/>\t\t\t\t\t\t\t\t\t\t\t\t\t\t\t<\/div>\n\t\t\t\t<\/div>\n\t\t\t\t<\/div>\n\t\t<div class=\"elementor-element elementor-element-55ce076 e-con-full e-flex e-con e-parent\" data-id=\"55ce076\" data-element_type=\"container\" data-settings=\"{&quot;background_background&quot;:&quot;classic&quot;}\">\n\t\t<div class=\"elementor-element elementor-element-cdc2511 e-con-full e-flex e-con e-child\" data-id=\"cdc2511\" data-element_type=\"container\">\n\t\t\t\t<div class=\"elementor-element elementor-element-9f51e43 elementor-view-default elementor-widget elementor-widget-icon\" data-id=\"9f51e43\" data-element_type=\"widget\" data-widget_type=\"icon.default\">\n\t\t\t\t<div class=\"elementor-widget-container\">\n\t\t\t\t\t\t\t<div class=\"elementor-icon-wrapper\">\n\t\t\t<a class=\"elementor-icon\" href=\"https:\/\/www.vistoso-tango.de\/#ensemble\">\n\t\t\t<svg xmlns=\"http:\/\/www.w3.org\/2000\/svg\" width=\"800px\" height=\"800px\" viewBox=\"0 0 64 64\" fill=\"none\" stroke=\"#000000\"><polyline points=\"40 24 32 32 40 40\"><\/polyline><polyline points=\"32 24 24 32 32 40\"><\/polyline><\/svg>\t\t\t<\/a>\n\t\t<\/div>\n\t\t\t\t\t\t<\/div>\n\t\t\t\t<\/div>\n\t\t\t\t<\/div>\n\t\t<div class=\"elementor-element elementor-element-c793b4b e-con-full e-flex e-con e-child\" data-id=\"c793b4b\" data-element_type=\"container\">\n\t\t\t\t<div class=\"elementor-element elementor-element-a2a8263 elementor-view-default elementor-widget elementor-widget-icon\" data-id=\"a2a8263\" data-element_type=\"widget\" data-widget_type=\"icon.default\">\n\t\t\t\t<div class=\"elementor-widget-container\">\n\t\t\t\t\t\t\t<div class=\"elementor-icon-wrapper\">\n\t\t\t<a class=\"elementor-icon\" href=\"https:\/\/www.vistoso-tango.de\/?page_id=412\">\n\t\t\t<svg xmlns=\"http:\/\/www.w3.org\/2000\/svg\" width=\"800px\" height=\"800px\" viewBox=\"0 0 64 64\" fill=\"none\" stroke=\"#000000\"><polyline points=\"24 40 32 32 24 24\"><\/polyline><polyline points=\"32 40 40 32 32 24\"><\/polyline><\/svg>\t\t\t<\/a>\n\t\t<\/div>\n\t\t\t\t\t\t<\/div>\n\t\t\t\t<\/div>\n\t\t\t\t<\/div>\n\t\t\t\t<\/div>\n\t\t<div class=\"elementor-element elementor-element-b22c13e e-flex e-con-boxed e-con e-parent\" data-id=\"b22c13e\" data-element_type=\"container\" data-settings=\"{&quot;background_background&quot;:&quot;classic&quot;}\">\n\t\t\t\t\t<div class=\"e-con-inner\">\n\t\t\t\t<div class=\"elementor-element elementor-element-2f80ed9 elementor-widget elementor-widget-heading\" data-id=\"2f80ed9\" data-element_type=\"widget\" data-widget_type=\"heading.default\">\n\t\t\t\t<div class=\"elementor-widget-container\">\n\t\t\t\t\t<h2 class=\"elementor-heading-title elementor-size-default\">Antonio Costa<\/h2>\t\t\t\t<\/div>\n\t\t\t\t<\/div>\n\t\t\t\t<div class=\"elementor-element elementor-element-7c9e941 elementor-widget elementor-widget-heading\" data-id=\"7c9e941\" data-element_type=\"widget\" data-widget_type=\"heading.default\">\n\t\t\t\t<div class=\"elementor-widget-container\">\n\t\t\t\t\t<h3 class=\"elementor-heading-title elementor-size-default\">Tenor<\/h3>\t\t\t\t<\/div>\n\t\t\t\t<\/div>\n\t\t\t\t<div class=\"elementor-element elementor-element-5c793dd elementor-widget elementor-widget-text-editor\" data-id=\"5c793dd\" data-element_type=\"widget\" data-widget_type=\"text-editor.default\">\n\t\t\t\t<div class=\"elementor-widget-container\">\n\t\t\t\t\t\t\t\t\t<p>Antonio Costa, in Portugal geboren, ist ein renommierter Tenor mit einer reichen musikalischen Karriere. Nach seinem Gesangsstudium in Pforzheim war er als Solist in verschiedenen Opernproduktionen und Konzerten weltweit aktiv. Neben seinen Engagements bei renommierten Ensembles wie der S\u00fcddeutschen Kammersinfonie und dem S\u00fcdwestdeutschen Konzertchor, trat er auch bei den Rossini-Festspielen in Bad Wildbad auf. Seine Leidenschaft f\u00fcr den Tango f\u00fchrte ihn zur Gr\u00fcndung des Vistoso Tango Ensembles, wo er als Tenor seine musikalischen Gef\u00fchle, Leidenschaften und Emotionen zum Ausdruck bringt und das Publikum mit einzigartigen musikalischen Momenten bereichert.<\/p>\t\t\t\t\t\t\t\t<\/div>\n\t\t\t\t<\/div>\n\t\t\t\t\t<\/div>\n\t\t\t\t<\/div>\n\t\t\t\t<\/div>\n\t\t","protected":false},"excerpt":{"rendered":"<p>Antonio Costa Tenor Antonio Costa, in Portugal geboren, ist ein renommierter Tenor mit einer reichen musikalischen Karriere. Nach seinem Gesangsstudium in Pforzheim war er als Solist in verschiedenen Opernproduktionen und Konzerten weltweit aktiv. Neben seinen Engagements bei renommierten Ensembles wie der S\u00fcddeutschen Kammersinfonie und dem S\u00fcdwestdeutschen Konzertchor, trat er auch bei den Rossini-Festspielen in Bad [&hellip;]<\/p>\n","protected":false},"author":1,"featured_media":0,"parent":0,"menu_order":0,"comment_status":"closed","ping_status":"closed","template":"","meta":{"footnotes":""},"class_list":["post-364","page","type-page","status-publish","hentry"],"_links":{"self":[{"href":"https:\/\/www.vistoso-tango.de\/index.php?rest_route=\/wp\/v2\/pages\/364","targetHints":{"allow":["GET"]}}],"collection":[{"href":"https:\/\/www.vistoso-tango.de\/index.php?rest_route=\/wp\/v2\/pages"}],"about":[{"href":"https:\/\/www.vistoso-tango.de\/index.php?rest_route=\/wp\/v2\/types\/page"}],"author":[{"embeddable":true,"href":"https:\/\/www.vistoso-tango.de\/index.php?rest_route=\/wp\/v2\/users\/1"}],"replies":[{"embeddable":true,"href":"https:\/\/www.vistoso-tango.de\/index.php?rest_route=%2Fwp%2Fv2%2Fcomments&post=364"}],"version-history":[{"count":54,"href":"https:\/\/www.vistoso-tango.de\/index.php?rest_route=\/wp\/v2\/pages\/364\/revisions"}],"predecessor-version":[{"id":709,"href":"https:\/\/www.vistoso-tango.de\/index.php?rest_route=\/wp\/v2\/pages\/364\/revisions\/709"}],"wp:attachment":[{"href":"https:\/\/www.vistoso-tango.de\/index.php?rest_route=%2Fwp%2Fv2%2Fmedia&parent=364"}],"curies":[{"name":"wp","href":"https:\/\/api.w.org\/{rel}","templated":true}]}}